{"id":2268,"date":"2022-08-04T13:45:34","date_gmt":"2022-08-04T11:45:34","guid":{"rendered":"https:\/\/www.optometry-friends.com\/?page_id=2268"},"modified":"2023-11-21T10:40:17","modified_gmt":"2023-11-21T09:40:17","slug":"seminar-anmeldung","status":"publish","type":"page","link":"https:\/\/www.optometry-friends.com\/de\/seminar-anmeldung\/","title":{"rendered":"Seminar Stefanie W\u00f6hrle"},"content":{"rendered":"<div id=\"cs-content\" class=\"cs-content\"><\/div>\n","protected":false},"excerpt":{"rendered":"<p>Computergest&uuml;tztes VisualtrainingStefanie W&ouml;hrle, M.Sc. Vision Science and Business (Optometry)Dienstag, 6.02.2024 ab 19.30 Uhr &#8211; onlineVision Therapy goes digital! Apps, Software und Virtual Reality f\u00fcr Vision Therapy bereichern seit einiger Zeit den Markt. Dieser Workshop stellt neben einem Verwaltungsprogramm f\u00fcr das klassische Visualtraining auch digitale L\u00f6sungen f\u00fcr das eigentliche Training vor. Es wird differenziert aufgezeigt, welches Tool sich in welchen F\u00e4llen &#8230; <\/p>\n<div><a href=\"https:\/\/www.optometry-friends.com\/de\/seminar-anmeldung\/\" class=\"more-link\">Read More<\/a><\/div>\n","protected":false},"author":80,"featured_media":0,"parent":0,"menu_order":0,"comment_status":"closed","ping_status":"closed","template":"template-blank-4.php","meta":{"_bbp_topic_count":0,"_bbp_reply_count":0,"_bbp_total_topic_count":0,"_bbp_total_reply_count":0,"_bbp_voice_count":0,"_bbp_anonymous_reply_count":0,"_bbp_topic_count_hidden":0,"_bbp_reply_count_hidden":0,"_bbp_forum_subforum_count":0,"footnotes":""},"class_list":["post-2268","page","type-page","status-publish","hentry","no-post-thumbnail"],"_links":{"self":[{"href":"https:\/\/www.optometry-friends.com\/de\/wp-json\/wp\/v2\/pages\/2268","targetHints":{"allow":["GET"]}}],"collection":[{"href":"https:\/\/www.optometry-friends.com\/de\/wp-json\/wp\/v2\/pages"}],"about":[{"href":"https:\/\/www.optometry-friends.com\/de\/wp-json\/wp\/v2\/types\/page"}],"author":[{"embeddable":true,"href":"https:\/\/www.optometry-friends.com\/de\/wp-json\/wp\/v2\/users\/80"}],"replies":[{"embeddable":true,"href":"https:\/\/www.optometry-friends.com\/de\/wp-json\/wp\/v2\/comments?post=2268"}],"version-history":[{"count":15,"href":"https:\/\/www.optometry-friends.com\/de\/wp-json\/wp\/v2\/pages\/2268\/revisions"}],"predecessor-version":[{"id":2753,"href":"https:\/\/www.optometry-friends.com\/de\/wp-json\/wp\/v2\/pages\/2268\/revisions\/2753"}],"wp:attachment":[{"href":"https:\/\/www.optometry-friends.com\/de\/wp-json\/wp\/v2\/media?parent=2268"}],"curies":[{"name":"wp","href":"https:\/\/api.w.org\/{rel}","templated":true}]}}